{"id":114,"date":"2026-01-22T02:57:30","date_gmt":"2026-01-22T02:57:30","guid":{"rendered":"https:\/\/lobviral.com\/?page_id=114"},"modified":"2026-01-22T03:32:43","modified_gmt":"2026-01-22T03:32:43","slug":"gizlilik-politikalari","status":"publish","type":"page","link":"https:\/\/lobviral.com\/tr\/gizlilik-politikalari\/","title":{"rendered":"Gizlilik politikalar\u0131"},"content":{"rendered":"<p>Gizlili\u011finiz bizim i\u00e7in \u00f6nemlidir. Lob Viral&#039;\u0131n politikas\u0131, web sitesinde sizden toplayabilece\u011fimiz her t\u00fcrl\u00fc bilgiye ili\u015fkin gizlili\u011finize sayg\u0131 duymakt\u0131r. <a href=\"http:\/\/lobviral.com\/tr\/\">Viral Lob<\/a>, ve sahip oldu\u011fumuz ve i\u015fletti\u011fimiz di\u011fer web siteleri.<\/span><\/p>\n<p><span style=\"color: rgb(68, 68, 68);\">Ki\u015fisel bilgilerinizi yaln\u0131zca size bir hizmet sunmak i\u00e7in ger\u00e7ekten ihtiya\u00e7 duydu\u011fumuzda talep ederiz. Bunu adil ve yasal bir \u015fekilde, sizin bilginiz ve onay\u0131n\u0131zla yapar\u0131z. Ayr\u0131ca, neden toplad\u0131\u011f\u0131m\u0131z\u0131 ve nas\u0131l kullan\u0131laca\u011f\u0131n\u0131 da size bildiririz.<\/span><\/p>\n<p><span style=\"color: rgb(68, 68, 68);\">Toplad\u0131\u011f\u0131m\u0131z bilgileri yaln\u0131zca talep edilen hizmeti sa\u011flamak i\u00e7in gerekli oldu\u011fu s\u00fcre boyunca sakl\u0131yoruz. Verileri saklarken, kay\u0131p ve h\u0131rs\u0131zl\u0131\u011f\u0131, ayr\u0131ca yetkisiz eri\u015fimi, if\u015fay\u0131, kopyalamay\u0131, kullan\u0131m\u0131 veya de\u011fi\u015ftirmeyi \u00f6nlemek i\u00e7in ticari olarak kabul edilebilir y\u00f6ntemlerle koruyoruz.<\/span><\/p>\n<p><span style=\"color: rgb(68, 68, 68);\">Kanunen zorunlu haller d\u0131\u015f\u0131nda, ki\u015fisel olarak tan\u0131mlanabilir bilgileri kamuoyuyla veya \u00fc\u00e7\u00fcnc\u00fc taraflarla payla\u015fm\u0131yoruz.<\/span><\/p>\n<p><span style=\"color: rgb(68, 68, 68);\">Web sitemiz, bizim taraf\u0131m\u0131zdan i\u015fletilmeyen harici sitelere ba\u011flant\u0131lar i\u00e7erebilir. Bu sitelerin i\u00e7eri\u011fi ve uygulamalar\u0131 \u00fczerinde hi\u00e7bir kontrol\u00fcm\u00fcz olmad\u0131\u011f\u0131n\u0131 ve ilgili politikalar\u0131ndan sorumlu tutulamayaca\u011f\u0131m\u0131z\u0131 l\u00fctfen unutmay\u0131n.&nbsp;<\/span><a href=\"https:\/\/politicaprivacidade.com\/\" rel=\"noopener noreferrer\" target=\"_blank\" style=\"background-color: transparent; color: rgb(68, 68, 68);\">gizlilik politikalar\u0131<\/a><span style=\"color: rgb(68, 68, 68);\">.<\/span><\/p>\n<p><span style=\"color: rgb(68, 68, 68);\">Ki\u015fisel bilgilerinizi payla\u015fma talebimizi reddetmekte \u00f6zg\u00fcrs\u00fcn\u00fcz; ancak bu durumda istedi\u011finiz baz\u0131 hizmetleri sa\u011flayamayabilece\u011fimizi l\u00fctfen unutmay\u0131n.<\/span><\/p>\n<p><span style=\"color: rgb(68, 68, 68);\">Web sitemizi kullanmaya devam etmeniz, gizlilik ve ki\u015fisel bilgilerle ilgili uygulamalar\u0131m\u0131z\u0131 kabul etti\u011finiz anlam\u0131na gelecektir. Kullan\u0131c\u0131 verilerini ve ki\u015fisel bilgileri nas\u0131l i\u015fledi\u011fimizle ilgili herhangi bir sorunuz varsa, l\u00fctfen bizimle ileti\u015fime ge\u00e7in.<\/span><\/p>\n<p><span style=\"color: rgb(68, 68, 68);\"><\/p>\n<ul>\n<li><span style=\"color: rgb(68, 68, 68);\">Reklam yay\u0131nlamak i\u00e7in kulland\u0131\u011f\u0131m\u0131z Google AdSense hizmeti, web genelinde daha alakal\u0131 reklamlar sunmak ve belirli bir reklam\u0131n size g\u00f6sterilme say\u0131s\u0131n\u0131 s\u0131n\u0131rlamak i\u00e7in DoubleClick \u00e7erezini kullan\u0131r.<\/span><\/li>\n<li><span style=\"color: rgb(68, 68, 68);\">Google AdSense hakk\u0131nda daha fazla bilgi i\u00e7in l\u00fctfen resmi Google AdSense gizlilik SSS sayfas\u0131na bak\u0131n.<\/span><\/li>\n<li><span style=\"color: rgb(68, 68, 68);\">Bu sitenin i\u015fletme maliyetlerini kar\u015f\u0131lamak ve gelecekteki geli\u015ftirmeler i\u00e7in fon sa\u011flamak amac\u0131yla reklam gelirlerinden yararlan\u0131yoruz. Bu sitede kullan\u0131lan davran\u0131\u015fsal reklam \u00e7erezleri, ilgi alanlar\u0131n\u0131z\u0131 anonim olarak takip ederek ve size ilgi \u00e7ekici olabilecek benzer \u015feyleri sunarak, m\u00fcmk\u00fcn olan her durumda size en alakal\u0131 reklamlar\u0131 g\u00f6stermeyi ama\u00e7lamaktad\u0131r.<\/span><\/li>\n<li><span style=\"color: rgb(68, 68, 68);\">Birka\u00e7 i\u015f orta\u011f\u0131m\u0131z bizim ad\u0131m\u0131za reklam veriyor ve ortakl\u0131k izleme \u00e7erezleri, m\u00fc\u015fterilerimizin sitemize i\u015f orta\u011f\u0131 sitelerimizden biri arac\u0131l\u0131\u011f\u0131yla eri\u015fip eri\u015fmedi\u011fini g\u00f6rmemizi sa\u011fl\u0131yor; b\u00f6ylece onlara uygun \u015fekilde \u00f6deme yapabiliyor ve uygun durumlarda, i\u015f ortaklar\u0131m\u0131z\u0131n sizi sat\u0131n almaya te\u015fvik etmek i\u00e7in sunabilecekleri promosyonlar\u0131 sunmalar\u0131na olanak tan\u0131yoruz.<\/span><\/li>\n<\/ul>\n<p><\/p>\n<p><\/span><\/p>\n<h3><span style=\"color: rgb(68, 68, 68);\">Kullan\u0131c\u0131 Taahh\u00fcd\u00fc<\/span><\/h3>\n<p><span style=\"color: rgb(68, 68, 68);\">Kullan\u0131c\u0131, Lob Viral&#039;in web sitesinde sundu\u011fu i\u00e7erik ve bilgileri, a\u015fa\u011f\u0131dakiler de dahil ancak bunlarla s\u0131n\u0131rl\u0131 olmamak \u00fczere, uygun \u015fekilde kullanmay\u0131 kabul eder:<\/span><\/p>\n<ul>\n<li><span style=\"color: rgb(68, 68, 68);\">A) Yasa d\u0131\u015f\u0131 veya iyi niyet ve kamu d\u00fczenine ayk\u0131r\u0131 faaliyetlerde bulunmamak;<\/span><\/li>\n<li><span style=\"color: rgb(68, 68, 68);\">B) Irk\u00e7\u0131, yabanc\u0131 d\u00fc\u015fman\u0131 nitelikte propaganda veya kumar ya da \u015fans oyunlar\u0131yla ilgili i\u00e7erik, her t\u00fcrl\u00fc yasad\u0131\u015f\u0131 pornografi veya ter\u00f6rizmi te\u015fvik eden ya da insan haklar\u0131n\u0131 ihlal eden i\u00e7erik yaymamak;<\/span><\/li>\n<li><span style=\"color: rgb(68, 68, 68);\">C) Lob Viral&#039;\u0131n, tedarik\u00e7ilerinin veya \u00fc\u00e7\u00fcnc\u00fc taraflar\u0131n fiziksel (donan\u0131m) ve mant\u0131ksal (yaz\u0131l\u0131m) sistemlerine, bilgisayar vir\u00fcsleri veya yukar\u0131da belirtilen zarara neden olabilecek di\u011fer donan\u0131m veya yaz\u0131l\u0131m sistemlerini bula\u015ft\u0131rmak veya yaymak amac\u0131yla zarar vermemek.<\/span><\/li>\n<\/ul>\n<h3><span style=\"color: rgb(68, 68, 68);\">Daha fazla bilgi<\/span><\/h3>\n<p><span style=\"color: rgb(68, 68, 68);\">Umar\u0131z bu a\u00e7\u0131k ve anla\u015f\u0131l\u0131r olmu\u015ftur ve daha \u00f6nce de belirtti\u011fimiz gibi, ihtiyac\u0131n\u0131z olup olmad\u0131\u011f\u0131ndan emin olmad\u0131\u011f\u0131n\u0131z herhangi bir \u015fey varsa, web sitemizde kulland\u0131\u011f\u0131n\u0131z \u00f6zelliklerden biriyle etkile\u015fim kurman\u0131z ihtimaline kar\u015f\u0131 \u00e7erezleri etkin b\u0131rakmak genellikle daha g\u00fcvenlidir.<\/span><\/p>\n<p>&lt;span style=&quot;color: rgb(68, 68, 68);&quot;\n<\/p>","protected":false},"excerpt":{"rendered":"<p>A sua privacidade \u00e9 importante para n\u00f3s. \u00c9 pol\u00edtica do Lob Viral respeitar a sua privacidade em rela\u00e7\u00e3o a qualquer informa\u00e7\u00e3o sua que possamos coletar no site Lob Viral, e outros sites que possu\u00edmos e operamos. Solicitamos informa\u00e7\u00f5es pessoais apenas quando realmente precisamos delas para lhe fornecer um servi\u00e7o. Fazemo-lo por meios justos e legais, [&hellip;]<\/p>","protected":false},"author":1,"featured_media":0,"parent":0,"menu_order":0,"comment_status":"closed","ping_status":"closed","template":"","meta":{"footnotes":""},"class_list":["post-114","page","type-page","status-publish"],"_links":{"self":[{"href":"https:\/\/lobviral.com\/tr\/wp-json\/wp\/v2\/pages\/114","targetHints":{"allow":["GET"]}}],"collection":[{"href":"https:\/\/lobviral.com\/tr\/wp-json\/wp\/v2\/pages"}],"about":[{"href":"https:\/\/lobviral.com\/tr\/wp-json\/wp\/v2\/types\/page"}],"author":[{"embeddable":true,"href":"https:\/\/lobviral.com\/tr\/wp-json\/wp\/v2\/users\/1"}],"replies":[{"embeddable":true,"href":"https:\/\/lobviral.com\/tr\/wp-json\/wp\/v2\/comments?post=114"}],"version-history":[{"count":5,"href":"https:\/\/lobviral.com\/tr\/wp-json\/wp\/v2\/pages\/114\/revisions"}],"predecessor-version":[{"id":129,"href":"https:\/\/lobviral.com\/tr\/wp-json\/wp\/v2\/pages\/114\/revisions\/129"}],"wp:attachment":[{"href":"https:\/\/lobviral.com\/tr\/wp-json\/wp\/v2\/media?parent=114"}],"curies":[{"name":"wp","href":"https:\/\/api.w.org\/{rel}","templated":true}]}}