{"id":121,"date":"2026-01-22T03:04:46","date_gmt":"2026-01-22T03:04:46","guid":{"rendered":"https:\/\/lobviral.com\/?page_id=121"},"modified":"2026-01-22T03:04:46","modified_gmt":"2026-01-22T03:04:46","slug":"%d8%af%d8%b3%d8%aa%d8%a8%d8%b1%d8%af%d8%a7%d8%b1%db%8c","status":"publish","type":"page","link":"https:\/\/lobviral.com\/ur\/%d8%af%d8%b3%d8%aa%d8%a8%d8%b1%d8%af%d8%a7%d8%b1%db%8c\/","title":{"rendered":"\u0688\u0633 \u06a9\u0644\u06cc\u0645\u0631"},"content":{"rendered":"<p>\u0648\u06cc\u0628 \u0633\u0627\u0626\u0679 \u067e\u0631 \u062f\u0633\u062a\u06cc\u0627\u0628 \u0645\u0639\u0644\u0648\u0645\u0627\u062a\u00a0<strong>\u0648\u0627\u0626\u0631\u0644 \u0644\u0627\u0628<\/strong>\u00a0\u06a9\u0631\u062f\u0627\u0631 \u06c1\u06d2\u00a0<strong>\u0635\u0631\u0641 \u0645\u0639\u0644\u0648\u0645\u0627\u062a\u06cc \u0645\u0642\u0627\u0635\u062f \u06a9\u06d2 \u0644\u06cc\u06d2\u06d4<\/strong>. \u06c1\u0645\u0627\u0631\u0627 \u0645\u0642\u0635\u062f \u0627\u06cc\u067e\u0644\u06cc \u06a9\u06cc\u0634\u0646\u0632\u060c \u062e\u062f\u0645\u0627\u062a \u0627\u0648\u0631 \u0679\u0648\u0644\u0632 \u06a9\u06d2 \u0644\u06cc\u06d2 \u0645\u0648\u0627\u062f\u060c \u062a\u062c\u0632\u06cc\u06c1\u060c \u0627\u0648\u0631 \u0633\u0641\u0627\u0631\u0634\u0627\u062a \u067e\u06cc\u0634 \u06a9\u0631\u0646\u0627 \u06c1\u06d2 \u062c\u0648 \u0635\u0627\u0631\u0641\u06cc\u0646 \u06a9\u0648 \u0645\u0648\u0627\u0642\u0639\u060c \u067e\u06cc\u062f\u0627\u0648\u0627\u0631\u06cc\u062a\u060c \u0627\u0648\u0631 \u0688\u06cc\u062c\u06cc\u0679\u0644 \u062d\u0644 \u06a9\u06cc \u062a\u0644\u0627\u0634 \u0645\u06cc\u06ba \u0627\u0646 \u06a9\u06cc \u0645\u062f\u062f \u06a9\u0631 \u0633\u06a9\u062a\u06d2 \u06c1\u06cc\u06ba\u06d4.<\/p>\n\n\n\n<h3 class=\"wp-block-heading\">\u06c1\u0645 \u06a9\u0648\u0626\u06cc \u0636\u0645\u0627\u0646\u062a \u0646\u06c1\u06cc\u06ba \u067e\u06cc\u0634 \u06a9\u0631\u062a\u06d2 \u06c1\u06cc\u06ba\u06d4<\/h3>\n\n\n\n<p>O\u00a0<strong><strong>\u0648\u0627\u0626\u0631\u0644 \u0644\u0627\u0628<\/strong><\/strong>\u00a0<strong>\u0636\u0645\u0627\u0646\u062a \u0646\u06c1\u06cc\u06ba \u062f\u06cc\u062a\u0627<\/strong>\u00a0\u0648\u06cc\u0628 \u0633\u0627\u0626\u0679 \u067e\u0631 \u0645\u0630\u06a9\u0648\u0631 \u0645\u0639\u0644\u0648\u0645\u0627\u062a\u060c \u0627\u06cc\u067e\u0644\u06cc\u06a9\u06cc\u0634\u0646\u0632\u060c \u06cc\u0627 \u062e\u062f\u0645\u0627\u062a \u06a9\u0648 \u0627\u0633\u062a\u0639\u0645\u0627\u0644 \u06a9\u0631\u0646\u06d2 \u0633\u06d2 \u0646\u062a\u0627\u0626\u062c\u060c \u0645\u0627\u0644\u06cc \u0641\u0648\u0627\u0626\u062f\u060c \u0645\u0644\u0627\u0632\u0645\u062a\u060c \u0622\u0645\u062f\u0646\u06cc\u060c \u06cc\u0627 \u06a9\u0633\u06cc \u062e\u0627\u0635 \u0642\u0633\u0645 \u06a9\u0627 \u0641\u0627\u0626\u062f\u06c1\u06d4 \u0627\u0646\u0641\u0631\u0627\u062f\u06cc\u060c \u0639\u0644\u0627\u0642\u0627\u0626\u06cc\u060c \u0627\u0648\u0631 \u062d\u0627\u0644\u0627\u062a \u06a9\u06d2 \u0639\u0648\u0627\u0645\u0644 \u06a9\u06d2 \u0644\u062d\u0627\u0638 \u0633\u06d2 \u0646\u062a\u0627\u0626\u062c \u0645\u062e\u062a\u0644\u0641 \u06c1\u0648 \u0633\u06a9\u062a\u06d2 \u06c1\u06cc\u06ba\u06d4.<\/p>\n\n\n\n<h3 class=\"wp-block-heading\">\u062a\u06be\u0631\u0688 \u067e\u0627\u0631\u0679\u06cc \u0627\u06cc\u067e\u0644\u06cc\u06a9\u06cc\u0634\u0646\u0632 \u0627\u0648\u0631 \u0633\u0631\u0648\u0633\u0632<\/h3>\n\n\n\n<p>\u0633\u0627\u0626\u0679 \u06a9\u06d2 \u0644\u0646\u06a9\u0633\u060c \u0633\u0641\u0627\u0631\u0634\u0627\u062a\u060c \u06cc\u0627 \u0630\u06a9\u0631 \u067e\u0631 \u0645\u0634\u062a\u0645\u0644 \u06c1\u0648 \u0633\u06a9\u062a\u0627 \u06c1\u06d2&nbsp;<strong>\u062a\u06be\u0631\u0688 \u067e\u0627\u0631\u0679\u06cc \u0627\u06cc\u067e\u0644\u06cc \u06a9\u06cc\u0634\u0646\u0632\u060c \u067e\u0644\u06cc\u0679 \u0641\u0627\u0631\u0645\u0632 \u0627\u0648\u0631 \u062e\u062f\u0645\u0627\u062a<\/strong>. \u0627\u0646 \u062e\u062f\u0645\u0627\u062a \u06a9\u06d2 \u0622\u067e\u0631\u06cc\u0634\u0646\u060c \u067e\u0627\u0644\u06cc\u0633\u06cc\u0648\u06ba\u060c \u0642\u06cc\u0645\u062a\u0648\u06ba \u06a9\u0627 \u062a\u0639\u06cc\u0646\u060c \u062f\u0633\u062a\u06cc\u0627\u0628\u06cc\u060c \u06cc\u0627 \u0633\u06cc\u06a9\u06cc\u0648\u0631\u0679\u06cc \u067e\u0631 \u06c1\u0645\u0627\u0631\u0627 \u06a9\u0648\u0626\u06cc \u06a9\u0646\u0679\u0631\u0648\u0644 \u0646\u06c1\u06cc\u06ba \u06c1\u06d2\u06d4 \u06a9\u0648\u0626\u06cc \u0628\u06be\u06cc \u062a\u0639\u0627\u0645\u0644\u060c \u0631\u062c\u0633\u0679\u0631\u06cc\u0634\u0646\u060c \u06cc\u0627 \u0627\u0633\u062a\u0639\u0645\u0627\u0644 \u0622\u067e \u06a9\u06d2 \u0627\u067e\u0646\u06d2 \u062e\u0637\u0631\u06d2 \u067e\u0631 \u06c1\u06d2\u06d4&nbsp;<strong>\u0635\u0627\u0631\u0641 \u06a9\u06cc \u0648\u0627\u062d\u062f \u0630\u0645\u06c1 \u062f\u0627\u0631\u06cc<\/strong>.<\/p>\n\n\n\n<p>\u06c1\u0645 \u06c1\u0645\u06cc\u0634\u06c1 \u062a\u062c\u0648\u06cc\u0632 \u06a9\u0631\u062a\u06d2 \u06c1\u06cc\u06ba \u06a9\u06c1 \u0635\u0627\u0631\u0641:<\/p>\n\n\n\n<ul class=\"wp-block-list\">\n<li>\u0627\u06cc\u067e\u0633 \u06a9\u06d2 \u0627\u0633\u062a\u0639\u0645\u0627\u0644 \u06a9\u06cc \u0634\u0631\u0627\u0626\u0637 \u0627\u0648\u0631 \u0631\u0627\u0632\u062f\u0627\u0631\u06cc \u06a9\u06cc \u067e\u0627\u0644\u06cc\u0633\u06cc\u0627\u06ba \u067e\u0691\u06be\u06cc\u06ba\u061b;<\/li>\n\n\n\n<li>\u0622\u0641\u06cc\u0634\u0644 \u0627\u06cc\u067e \u0627\u0633\u0679\u0648\u0631\u0632 \u067e\u0631 \u062c\u0627\u0626\u0632\u06d2 \u0686\u06cc\u06a9 \u06a9\u0631\u06cc\u06ba (\u06af\u0648\u06af\u0644 \u067e\u0644\u06d2\u060c \u0627\u06cc\u067e \u0627\u0633\u0679\u0648\u0631)\u061b;<\/li>\n\n\n\n<li>\u062a\u062c\u0632\u06cc\u06c1 \u06a9\u0631\u06cc\u06ba \u06a9\u06c1 \u0622\u06cc\u0627 \u0633\u0631\u0648\u0633 \u0627\u0633\u062a\u0639\u0645\u0627\u0644 \u06a9\u0631\u0646\u06d2 \u0633\u06d2 \u067e\u06c1\u0644\u06d2 \u0622\u067e \u06a9\u06cc \u0636\u0631\u0648\u0631\u06cc\u0627\u062a \u06a9\u0648 \u067e\u0648\u0631\u0627 \u06a9\u0631\u062a\u06cc \u06c1\u06d2\u06d4.<\/li>\n<\/ul>\n\n\n\n<h3 class=\"wp-block-heading\">\u0642\u0627\u0646\u0648\u0646\u06cc \u0627\u0648\u0631 \u067e\u06cc\u0634\u06c1 \u0648\u0631\u0627\u0646\u06c1 \u0630\u0645\u06c1 \u062f\u0627\u0631\u06cc \u06a9\u0627 \u0627\u0639\u0644\u0627\u0646<\/h3>\n\n\n\n<p>\u067e\u0631 \u0634\u0627\u0626\u0639 \u06c1\u0648\u0646\u06d2 \u0648\u0627\u0644\u0627 \u0645\u0648\u0627\u062f\u00a0<strong><strong>\u0648\u0627\u0626\u0631\u0644 \u0644\u0627\u0628<\/strong><\/strong>\u00a0<strong>\u06cc\u06c1 \u067e\u06cc\u0634\u06c1 \u0648\u0631\u0627\u0646\u06c1 \u0645\u0634\u0648\u0631\u06d2 \u06a9\u06cc \u062c\u06af\u06c1 \u0646\u06c1\u06cc\u06ba \u0644\u06d2 \u06af\u0627\u06d4<\/strong>, \u0686\u0627\u06c1\u06d2 \u06cc\u06c1 \u0642\u0627\u0646\u0648\u0646\u06cc\u060c \u0645\u0627\u0644\u06cc\u060c \u0627\u06a9\u0627\u0624\u0646\u0679\u0646\u06af\u060c \u0645\u0632\u062f\u0648\u0631\u06cc\u060c \u06cc\u0627 \u062a\u06a9\u0646\u06cc\u06a9\u06cc \u0645\u0639\u0627\u0645\u0644\u0627\u062a \u06c1\u0648\u06ba\u060c \u0627\u06c1\u0645 \u0641\u06cc\u0635\u0644\u0648\u06ba \u06a9\u06d2 \u0644\u06cc\u06d2 \u06c1\u0645\u06cc\u0634\u06c1 \u06a9\u0633\u06cc \u0627\u06c1\u0644 \u067e\u06cc\u0634\u06c1 \u0648\u0631 \u06a9\u06cc \u062a\u0644\u0627\u0634 \u06a9\u0631\u06cc\u06ba\u06d4.<\/p>\n\n\n\n<h3 class=\"wp-block-heading\">\u0627\u06cc\u0688\u0648\u0631\u0679\u0627\u0626\u0632\u0646\u06af \u0627\u0648\u0631 \u0645\u0646\u06cc\u0679\u0627\u0626\u0632\u06cc\u0634\u0646<\/h3>\n\n\n\n<p>\u0648\u06cc\u0628 \u0633\u0627\u0626\u0679\u00a0<strong>\u0648\u0627\u0626\u0631\u0644 \u0644\u0627\u0628<\/strong> \u0627\u0633 \u06a9\u06d2 \u0630\u0631\u06cc\u0639\u06d2 \u0645\u0646\u06cc\u0679\u0627\u0626\u0632 \u06a9\u06cc\u0627 \u062c\u0627 \u0633\u06a9\u062a\u0627 \u06c1\u06d2:<\/p>\n\n\n\n<ul class=\"wp-block-list\">\n<li>\u0627\u0634\u062a\u06c1\u0627\u0631\u0627\u062a (\u062c\u06cc\u0633\u06d2 \u06af\u0648\u06af\u0644 \u0627\u06cc\u0688\u0633\u06cc\u0646\u0633)\u061b;<\/li>\n\n\n\n<li>\u0633\u067e\u0627\u0646\u0633\u0631 \u0634\u062f\u06c1 \u0644\u0646\u06a9\u0633\u061b;<\/li>\n\n\n\n<li>\u0634\u0631\u0627\u06a9\u062a \u062f\u0627\u0631\u06cc \u06cc\u0627 \u0645\u0644\u062d\u0642\u06c1 \u067e\u0631\u0648\u06af\u0631\u0627\u0645\u06d4.<\/li>\n<\/ul>\n\n\n\n<p>\u0627\u0633 \u06a9\u0627 \u0645\u0637\u0644\u0628 \u06c1\u06d2 \u06a9\u06c1 \u062c\u0628 \u06a9\u0648\u0626\u06cc \u0635\u0627\u0631\u0641 \u0627\u0634\u062a\u06c1\u0627\u0631\u0627\u062a \u067e\u0631 \u06a9\u0644\u06a9 \u06a9\u0631\u062a\u0627 \u06c1\u06d2 \u06cc\u0627 \u0645\u062e\u0635\u0648\u0635 \u0644\u0646\u06a9\u0633 \u0627\u0633\u062a\u0639\u0645\u0627\u0644 \u06a9\u0631\u062a\u0627 \u06c1\u06d2 \u062a\u0648 \u06c1\u0645 \u06a9\u0645\u06cc\u0634\u0646 \u0648\u0635\u0648\u0644 \u06a9\u0631 \u0633\u06a9\u062a\u06d2 \u06c1\u06cc\u06ba\u06d4,&nbsp;<strong>\u0635\u0627\u0631\u0641 \u06a9\u0648 \u0628\u063a\u06cc\u0631 \u06a9\u0633\u06cc \u0627\u0636\u0627\u0641\u06cc \u0642\u06cc\u0645\u062a \u06a9\u06d2\u06d4<\/strong>. \u06cc\u06c1 \u0634\u0631\u0627\u06a9\u062a\u06cc\u06ba \u0648\u0627\u0636\u062d \u0627\u0648\u0631 \u0645\u062a\u0639\u0644\u0642\u06c1 \u0645\u0648\u0627\u062f \u067e\u06cc\u0634 \u06a9\u0631\u0646\u06d2 \u06a9\u06d2 \u06c1\u0645\u0627\u0631\u06d2 \u0627\u0631\u0627\u062f\u06d2 \u06a9\u0648 \u0645\u062a\u0627\u062b\u0631 \u0646\u06c1\u06cc\u06ba \u06a9\u0631\u062a\u06cc \u06c1\u06cc\u06ba\u06d4.<\/p>\n\n\n\n<h3 class=\"wp-block-heading\">\u0645\u0639\u0644\u0648\u0645\u0627\u062a \u06a9\u06cc \u062a\u0627\u0632\u06c1 \u06a9\u0627\u0631\u06cc<\/h3>\n\n\n\n<p>\u0648\u06cc\u0628 \u0633\u0627\u0626\u0679 \u067e\u0631 \u0645\u0639\u0644\u0648\u0645\u0627\u062a \u06c1\u0648 \u0633\u06a9\u062a\u06cc \u06c1\u06cc\u06ba\u06d4&nbsp;<strong>\u06a9\u0633\u06cc \u0628\u06be\u06cc \u0648\u0642\u062a \u062a\u0628\u062f\u06cc\u0644\u060c \u0627\u067e \u0688\u06cc\u0679 \u06cc\u0627 \u06c1\u0679\u0627 \u062f\u06cc\u0627 \u06af\u06cc\u0627\u06d4<\/strong>, \u060c \u067e\u06cc\u0634\u06af\u06cc \u0627\u0637\u0644\u0627\u0639 \u06a9\u06d2 \u0628\u063a\u06cc\u0631\u06d4 \u06c1\u0645 \u0627\u0633 \u0628\u0627\u062a \u06a9\u06cc \u0636\u0645\u0627\u0646\u062a \u0646\u06c1\u06cc\u06ba \u062f\u06cc\u062a\u06d2 \u06a9\u06c1 \u062a\u0645\u0627\u0645 \u0645\u0648\u0627\u062f \u06c1\u0645\u06cc\u0634\u06c1 \u0645\u06a9\u0645\u0644 \u0637\u0648\u0631 \u067e\u0631 \u0627\u067e \u0679\u0648 \u0688\u06cc\u0679 \u06c1\u0648\u062a\u0627 \u06c1\u06d2\u060c \u06a9\u06cc\u0648\u0646\u06a9\u06c1 \u0627\u06cc\u067e\u0633 \u0627\u0648\u0631 \u0633\u0631\u0648\u0633\u0632 \u0627\u067e\u0646\u06d2 \u0627\u0635\u0648\u0644\u0648\u06ba \u06a9\u0648 \u0627\u06a9\u062b\u0631 \u062a\u0628\u062f\u06cc\u0644 \u06a9\u0631 \u0633\u06a9\u062a\u06d2 \u06c1\u06cc\u06ba\u06d4.<\/p>\n\n\n\n<h3 class=\"wp-block-heading\">\u0630\u0645\u06c1 \u062f\u0627\u0631\u06cc \u06a9\u06cc \u062d\u062f<\/h3>\n\n\n\n<p>O\u00a0<strong><strong>\u0648\u0627\u0626\u0631\u0644 \u0644\u0627\u0628<\/strong><\/strong>\u00a0\u0630\u0645\u06c1 \u062f\u0627\u0631 \u0646\u06c1\u06cc\u06ba \u06c1\u06d2:<\/p>\n\n\n\n<ul class=\"wp-block-list\">\n<li>\u0645\u0627\u0644\u06cc \u0646\u0642\u0635\u0627\u0646\u0627\u062a\u061b;<\/li>\n\n\n\n<li>\u062a\u06a9\u0646\u06cc\u06a9\u06cc \u0645\u0633\u0627\u0626\u0644\u061b;<\/li>\n\n\n\n<li>\u062a\u06cc\u0633\u0631\u06cc \u067e\u0627\u0631\u0679\u06cc \u06a9\u06cc \u062f\u0631\u062e\u0648\u0627\u0633\u062a \u06a9\u06cc \u0646\u0627\u06a9\u0627\u0645\u06cc\u061b;<\/li>\n\n\n\n<li>\u0648\u06cc\u0628 \u0633\u0627\u0626\u0679 \u0633\u06d2 \u0645\u0639\u0644\u0648\u0645\u0627\u062a \u06a9\u06d2 \u0627\u0633\u062a\u0639\u0645\u0627\u0644 \u06a9\u06d2 \u0646\u062a\u06cc\u062c\u06d2 \u0645\u06cc\u06ba \u0628\u0631\u0627\u06c1 \u0631\u0627\u0633\u062a \u06cc\u0627 \u0628\u0627\u0644\u0648\u0627\u0633\u0637\u06c1 \u0646\u0642\u0635\u0627\u0646\u0627\u062a\u06d4.<\/li>\n<\/ul>\n\n\n\n<p>\u0633\u0627\u0626\u0679 \u06a9\u06d2 \u0627\u0633\u062a\u0639\u0645\u0627\u0644 \u06a9\u0627 \u0645\u0637\u0644\u0628 \u06c1\u06d2\u06d4&nbsp;<strong>\u0627\u0633 \u062f\u0633\u062a\u0628\u0631\u062f\u0627\u0631\u06cc \u06a9\u06cc \u0645\u06a9\u0645\u0644 \u0642\u0628\u0648\u0644\u06cc\u062a<\/strong>.<\/p>\n\n\n\n<h3 class=\"wp-block-heading\">\u0631\u0627\u0628\u0637\u06c1 \u06a9\u0631\u06cc\u06ba\u06d4<\/h3>\n\n\n\n<p>\u0627\u06af\u0631 \u0622\u067e \u06a9\u06d2 \u06a9\u0648\u0626\u06cc \u0633\u0648\u0627\u0644\u0627\u062a\u060c \u0645\u0634\u0648\u0631\u06d2 \u06c1\u06cc\u06ba\u060c \u06cc\u0627 \u06a9\u0633\u06cc \u0645\u0648\u0627\u062f \u06a9\u06cc \u0627\u0637\u0644\u0627\u0639 \u062f\u06cc\u0646\u0627 \u0686\u0627\u06c1\u062a\u06d2 \u06c1\u06cc\u06ba\u060c \u062a\u0648 \u0628\u0631\u0627\u06c1 \u06a9\u0631\u0645 \u0648\u06cc\u0628 \u0633\u0627\u0626\u0679 \u06a9\u06d2 \u0631\u0627\u0628\u0637\u06c1 \u0635\u0641\u062d\u06c1 \u06a9\u06d2 \u0630\u0631\u06cc\u0639\u06d2 \u06c1\u0645 \u0633\u06d2 \u0631\u0627\u0628\u0637\u06c1 \u06a9\u0631\u06cc\u06ba\u06d4.<\/p>","protected":false},"excerpt":{"rendered":"<p>As informa\u00e7\u00f5es disponibilizadas no site\u00a0Lob Viral\u00a0t\u00eam car\u00e1ter\u00a0exclusivamente informativo. Nosso objetivo \u00e9 apresentar conte\u00fados, an\u00e1lises e indica\u00e7\u00f5es de aplicativos, servi\u00e7os e ferramentas que possam auxiliar usu\u00e1rios na busca por oportunidades, produtividade e solu\u00e7\u00f5es digitais. N\u00e3o oferecemos garantias O\u00a0Lob Viral\u00a0n\u00e3o garante\u00a0resultados, ganhos financeiros, contrata\u00e7\u00f5es, rendimentos ou qualquer tipo de benef\u00edcio espec\u00edfico a partir do uso das informa\u00e7\u00f5es, [&hellip;]<\/p>","protected":false},"author":1,"featured_media":0,"parent":0,"menu_order":0,"comment_status":"closed","ping_status":"closed","template":"","meta":{"footnotes":""},"class_list":["post-121","page","type-page","status-publish"],"_links":{"self":[{"href":"https:\/\/lobviral.com\/ur\/wp-json\/wp\/v2\/pages\/121","targetHints":{"allow":["GET"]}}],"collection":[{"href":"https:\/\/lobviral.com\/ur\/wp-json\/wp\/v2\/pages"}],"about":[{"href":"https:\/\/lobviral.com\/ur\/wp-json\/wp\/v2\/types\/page"}],"author":[{"embeddable":true,"href":"https:\/\/lobviral.com\/ur\/wp-json\/wp\/v2\/users\/1"}],"replies":[{"embeddable":true,"href":"https:\/\/lobviral.com\/ur\/wp-json\/wp\/v2\/comments?post=121"}],"version-history":[{"count":1,"href":"https:\/\/lobviral.com\/ur\/wp-json\/wp\/v2\/pages\/121\/revisions"}],"predecessor-version":[{"id":123,"href":"https:\/\/lobviral.com\/ur\/wp-json\/wp\/v2\/pages\/121\/revisions\/123"}],"wp:attachment":[{"href":"https:\/\/lobviral.com\/ur\/wp-json\/wp\/v2\/media?parent=121"}],"curies":[{"name":"wp","href":"https:\/\/api.w.org\/{rel}","templated":true}]}}