{"id":121,"date":"2026-01-22T03:04:46","date_gmt":"2026-01-22T03:04:46","guid":{"rendered":"https:\/\/lobviral.com\/?page_id=121"},"modified":"2026-01-22T03:04:46","modified_gmt":"2026-01-22T03:04:46","slug":"tuyen-bo-mien-tru-trach-nhiem","status":"publish","type":"page","link":"https:\/\/lobviral.com\/vi\/tuyen-bo-mien-tru-trach-nhiem\/","title":{"rendered":"Tuy\u00ean b\u1ed1 mi\u1ec5n tr\u1eeb tr\u00e1ch nhi\u1ec7m"},"content":{"rendered":"<p>Th\u00f4ng tin c\u00f3 s\u1eb5n tr\u00ean trang web\u00a0<strong>Virus Lob<\/strong>\u00a0c\u00f3 c\u00e1 t\u00ednh\u00a0<strong>Ch\u1ec9 mang t\u00ednh ch\u1ea5t th\u00f4ng tin tham kh\u1ea3o.<\/strong>. M\u1ee5c ti\u00eau c\u1ee7a ch\u00fang t\u00f4i l\u00e0 cung c\u1ea5p n\u1ed9i dung, ph\u00e2n t\u00edch v\u00e0 \u0111\u1ec1 xu\u1ea5t v\u1ec1 c\u00e1c \u1ee9ng d\u1ee5ng, d\u1ecbch v\u1ee5 v\u00e0 c\u00f4ng c\u1ee5 c\u00f3 th\u1ec3 gi\u00fap ng\u01b0\u1eddi d\u00f9ng t\u00ecm ki\u1ebfm c\u01a1 h\u1ed9i, n\u00e2ng cao n\u0103ng su\u1ea5t v\u00e0 c\u00e1c gi\u1ea3i ph\u00e1p k\u1ef9 thu\u1eadt s\u1ed1.<\/p>\n\n\n\n<h3 class=\"wp-block-heading\">Ch\u00fang t\u00f4i kh\u00f4ng \u0111\u1ea3m b\u1ea3o \u0111i\u1ec1u g\u00ec.<\/h3>\n\n\n\n<p>O\u00a0<strong><strong>Virus Lob<\/strong><\/strong>\u00a0<strong>kh\u00f4ng \u0111\u1ea3m b\u1ea3o<\/strong>\u00a0K\u1ebft qu\u1ea3, l\u1ee3i \u00edch t\u00e0i ch\u00ednh, vi\u1ec7c l\u00e0m, thu nh\u1eadp, ho\u1eb7c b\u1ea5t k\u1ef3 lo\u1ea1i l\u1ee3i \u00edch c\u1ee5 th\u1ec3 n\u00e0o t\u1eeb vi\u1ec7c s\u1eed d\u1ee5ng th\u00f4ng tin, \u1ee9ng d\u1ee5ng ho\u1eb7c d\u1ecbch v\u1ee5 \u0111\u01b0\u1ee3c \u0111\u1ec1 c\u1eadp tr\u00ean trang web. K\u1ebft qu\u1ea3 c\u00f3 th\u1ec3 kh\u00e1c nhau t\u00f9y thu\u1ed9c v\u00e0o c\u00e1c y\u1ebfu t\u1ed1 c\u00e1 nh\u00e2n, khu v\u1ef1c v\u00e0 ho\u00e0n c\u1ea3nh.<\/p>\n\n\n\n<h3 class=\"wp-block-heading\">\u1ee8ng d\u1ee5ng v\u00e0 d\u1ecbch v\u1ee5 c\u1ee7a b\u00ean th\u1ee9 ba<\/h3>\n\n\n\n<p>Trang web n\u00e0y c\u00f3 th\u1ec3 ch\u1ee9a c\u00e1c li\u00ean k\u1ebft, \u0111\u1ec1 xu\u1ea5t ho\u1eb7c \u0111\u1ec1 c\u1eadp \u0111\u1ebfn&nbsp;<strong>c\u00e1c \u1ee9ng d\u1ee5ng, n\u1ec1n t\u1ea3ng v\u00e0 d\u1ecbch v\u1ee5 c\u1ee7a b\u00ean th\u1ee9 ba<\/strong>. Ch\u00fang t\u00f4i kh\u00f4ng c\u00f3 quy\u1ec1n ki\u1ec3m so\u00e1t ho\u1ea1t \u0111\u1ed9ng, ch\u00ednh s\u00e1ch, gi\u00e1 c\u1ea3, t\u00ednh kh\u1ea3 d\u1ee5ng ho\u1eb7c b\u1ea3o m\u1eadt c\u1ee7a c\u00e1c d\u1ecbch v\u1ee5 n\u00e0y. M\u1ecdi t\u01b0\u01a1ng t\u00e1c, \u0111\u0103ng k\u00fd ho\u1eb7c s\u1eed d\u1ee5ng \u0111\u1ec1u do b\u1ea1n t\u1ef1 ch\u1ecbu r\u1ee7i ro.&nbsp;<strong>ng\u01b0\u1eddi d\u00f9ng ch\u1ecbu tr\u00e1ch nhi\u1ec7m ho\u00e0n to\u00e0n<\/strong>.<\/p>\n\n\n\n<p>Ch\u00fang t\u00f4i lu\u00f4n khuy\u1ebfn ngh\u1ecb ng\u01b0\u1eddi d\u00f9ng:<\/p>\n\n\n\n<ul class=\"wp-block-list\">\n<li>H\u00e3y \u0111\u1ecdc k\u1ef9 \u0111i\u1ec1u kho\u1ea3n s\u1eed d\u1ee5ng v\u00e0 ch\u00ednh s\u00e1ch b\u1ea3o m\u1eadt c\u1ee7a c\u00e1c \u1ee9ng d\u1ee5ng;<\/li>\n\n\n\n<li>Ki\u1ec3m tra \u0111\u00e1nh gi\u00e1 tr\u00ean c\u00e1c c\u1eeda h\u00e0ng \u1ee9ng d\u1ee5ng ch\u00ednh th\u1ee9c (Google Play, App Store);<\/li>\n\n\n\n<li>H\u00e3y ph\u00e2n t\u00edch xem d\u1ecbch v\u1ee5 \u0111\u00f3 c\u00f3 \u0111\u00e1p \u1ee9ng nhu c\u1ea7u c\u1ee7a b\u1ea1n hay kh\u00f4ng tr\u01b0\u1edbc khi s\u1eed d\u1ee5ng.<\/li>\n<\/ul>\n\n\n\n<h3 class=\"wp-block-heading\">Tuy\u00ean b\u1ed1 mi\u1ec5n tr\u1eeb tr\u00e1ch nhi\u1ec7m ph\u00e1p l\u00fd v\u00e0 ngh\u1ec1 nghi\u1ec7p<\/h3>\n\n\n\n<p>N\u1ed9i dung \u0111\u01b0\u1ee3c \u0111\u0103ng t\u1ea3i tr\u00ean\u00a0<strong><strong>Virus Lob<\/strong><\/strong>\u00a0<strong>\u0110i\u1ec1u n\u00e0y kh\u00f4ng thay th\u1ebf cho l\u1eddi khuy\u00ean chuy\u00ean nghi\u1ec7p.<\/strong>, Cho d\u00f9 \u0111\u00f3 l\u00e0 v\u1ea5n \u0111\u1ec1 ph\u00e1p l\u00fd, t\u00e0i ch\u00ednh, k\u1ebf to\u00e1n, lao \u0111\u1ed9ng hay k\u1ef9 thu\u1eadt, h\u00e3y lu\u00f4n t\u00ecm \u0111\u1ebfn chuy\u00ean gia c\u00f3 tr\u00ecnh \u0111\u1ed9 \u0111\u1ec3 \u0111\u01b0\u1ee3c t\u01b0 v\u1ea5n khi \u0111\u01b0a ra c\u00e1c quy\u1ebft \u0111\u1ecbnh quan tr\u1ecdng.<\/p>\n\n\n\n<h3 class=\"wp-block-heading\">Qu\u1ea3ng c\u00e1o v\u00e0 ki\u1ebfm ti\u1ec1n<\/h3>\n\n\n\n<p>Trang web\u00a0<strong>Virus Lob<\/strong> N\u00f3 c\u00f3 th\u1ec3 \u0111\u01b0\u1ee3c ki\u1ebfm ti\u1ec1n th\u00f4ng qua:<\/p>\n\n\n\n<ul class=\"wp-block-list\">\n<li>Qu\u1ea3ng c\u00e1o (ch\u1eb3ng h\u1ea1n nh\u01b0 Google AdSense);<\/li>\n\n\n\n<li>Li\u00ean k\u1ebft \u0111\u01b0\u1ee3c t\u00e0i tr\u1ee3;<\/li>\n\n\n\n<li>C\u00e1c m\u1ed1i quan h\u1ec7 \u0111\u1ed1i t\u00e1c ho\u1eb7c ch\u01b0\u01a1ng tr\u00ecnh li\u00ean k\u1ebft.<\/li>\n<\/ul>\n\n\n\n<p>\u0110i\u1ec1u n\u00e0y c\u00f3 ngh\u0129a l\u00e0 ch\u00fang t\u00f4i c\u00f3 th\u1ec3 nh\u1eadn \u0111\u01b0\u1ee3c hoa h\u1ed3ng khi ng\u01b0\u1eddi d\u00f9ng nh\u1ea5p v\u00e0o qu\u1ea3ng c\u00e1o ho\u1eb7c s\u1eed d\u1ee5ng c\u00e1c li\u00ean k\u1ebft nh\u1ea5t \u0111\u1ecbnh.,&nbsp;<strong>m\u00e0 kh\u00f4ng ph\u00e1t sinh th\u00eam chi ph\u00ed n\u00e0o cho ng\u01b0\u1eddi d\u00f9ng.<\/strong>. C\u00e1c m\u1ed1i quan h\u1ec7 \u0111\u1ed1i t\u00e1c n\u00e0y kh\u00f4ng \u1ea3nh h\u01b0\u1edfng \u0111\u1ebfn \u00fd \u0111\u1ecbnh c\u1ee7a ch\u00fang t\u00f4i trong vi\u1ec7c cung c\u1ea5p n\u1ed9i dung r\u00f5 r\u00e0ng v\u00e0 ph\u00f9 h\u1ee3p.<\/p>\n\n\n\n<h3 class=\"wp-block-heading\">C\u1eadp nh\u1eadt th\u00f4ng tin<\/h3>\n\n\n\n<p>Th\u00f4ng tin tr\u00ean trang web c\u00f3 th\u1ec3 l\u00e0&nbsp;<strong>c\u00f3 th\u1ec3 \u0111\u01b0\u1ee3c thay \u0111\u1ed5i, c\u1eadp nh\u1eadt ho\u1eb7c x\u00f3a b\u1ea5t c\u1ee9 l\u00fac n\u00e0o.<\/strong>, Ch\u00fang t\u00f4i c\u00f3 th\u1ec3 thay \u0111\u1ed5i n\u1ed9i dung m\u00e0 kh\u00f4ng c\u1ea7n b\u00e1o tr\u01b0\u1edbc. Ch\u00fang t\u00f4i kh\u00f4ng \u0111\u1ea3m b\u1ea3o r\u1eb1ng t\u1ea5t c\u1ea3 n\u1ed9i dung lu\u00f4n \u0111\u01b0\u1ee3c c\u1eadp nh\u1eadt \u0111\u1ea7y \u0111\u1ee7, v\u00ec c\u00e1c \u1ee9ng d\u1ee5ng v\u00e0 d\u1ecbch v\u1ee5 c\u00f3 th\u1ec3 th\u01b0\u1eddng xuy\u00ean thay \u0111\u1ed5i quy t\u1eafc c\u1ee7a ch\u00fang.<\/p>\n\n\n\n<h3 class=\"wp-block-heading\">Gi\u1edbi h\u1ea1n tr\u00e1ch nhi\u1ec7m<\/h3>\n\n\n\n<p>O\u00a0<strong><strong>Virus Lob<\/strong><\/strong>\u00a0kh\u00f4ng ch\u1ecbu tr\u00e1ch nhi\u1ec7m v\u1ec1:<\/p>\n\n\n\n<ul class=\"wp-block-list\">\n<li>Thi\u1ec7t h\u1ea1i v\u1ec1 t\u00e0i ch\u00ednh;<\/li>\n\n\n\n<li>S\u1ef1 c\u1ed1 k\u1ef9 thu\u1eadt;<\/li>\n\n\n\n<li>L\u1ed7i \u1ee9ng d\u1ee5ng c\u1ee7a b\u00ean th\u1ee9 ba;<\/li>\n\n\n\n<li>Thi\u1ec7t h\u1ea1i tr\u1ef1c ti\u1ebfp ho\u1eb7c gi\u00e1n ti\u1ebfp ph\u00e1t sinh t\u1eeb vi\u1ec7c s\u1eed d\u1ee5ng th\u00f4ng tin t\u1eeb trang web.<\/li>\n<\/ul>\n\n\n\n<p>Vi\u1ec7c s\u1eed d\u1ee5ng trang web n\u00e0y ng\u1ee5 \u00fd r\u1eb1ng b\u1ea1n \u0111\u1ed3ng \u00fd v\u1edbi c\u00e1c \u0111i\u1ec1u kho\u1ea3n sau:&nbsp;<strong>Ch\u1ea5p nh\u1eadn ho\u00e0n to\u00e0n tuy\u00ean b\u1ed1 t\u1eeb ch\u1ed1i tr\u00e1ch nhi\u1ec7m n\u00e0y<\/strong>.<\/p>\n\n\n\n<h3 class=\"wp-block-heading\">Li\u00ean h\u1ec7<\/h3>\n\n\n\n<p>N\u1ebfu b\u1ea1n c\u00f3 b\u1ea5t k\u1ef3 c\u00e2u h\u1ecfi, \u0111\u1ec1 xu\u1ea5t n\u00e0o ho\u1eb7c mu\u1ed1n b\u00e1o c\u00e1o b\u1ea5t k\u1ef3 n\u1ed9i dung n\u00e0o, vui l\u00f2ng li\u00ean h\u1ec7 v\u1edbi ch\u00fang t\u00f4i th\u00f4ng qua trang li\u00ean h\u1ec7 c\u1ee7a trang web.<\/p>","protected":false},"excerpt":{"rendered":"<p>As informa\u00e7\u00f5es disponibilizadas no site\u00a0Lob Viral\u00a0t\u00eam car\u00e1ter\u00a0exclusivamente informativo. Nosso objetivo \u00e9 apresentar conte\u00fados, an\u00e1lises e indica\u00e7\u00f5es de aplicativos, servi\u00e7os e ferramentas que possam auxiliar usu\u00e1rios na busca por oportunidades, produtividade e solu\u00e7\u00f5es digitais. N\u00e3o oferecemos garantias O\u00a0Lob Viral\u00a0n\u00e3o garante\u00a0resultados, ganhos financeiros, contrata\u00e7\u00f5es, rendimentos ou qualquer tipo de benef\u00edcio espec\u00edfico a partir do uso das informa\u00e7\u00f5es, [&hellip;]<\/p>","protected":false},"author":1,"featured_media":0,"parent":0,"menu_order":0,"comment_status":"closed","ping_status":"closed","template":"","meta":{"footnotes":""},"class_list":["post-121","page","type-page","status-publish"],"_links":{"self":[{"href":"https:\/\/lobviral.com\/vi\/wp-json\/wp\/v2\/pages\/121","targetHints":{"allow":["GET"]}}],"collection":[{"href":"https:\/\/lobviral.com\/vi\/wp-json\/wp\/v2\/pages"}],"about":[{"href":"https:\/\/lobviral.com\/vi\/wp-json\/wp\/v2\/types\/page"}],"author":[{"embeddable":true,"href":"https:\/\/lobviral.com\/vi\/wp-json\/wp\/v2\/users\/1"}],"replies":[{"embeddable":true,"href":"https:\/\/lobviral.com\/vi\/wp-json\/wp\/v2\/comments?post=121"}],"version-history":[{"count":1,"href":"https:\/\/lobviral.com\/vi\/wp-json\/wp\/v2\/pages\/121\/revisions"}],"predecessor-version":[{"id":123,"href":"https:\/\/lobviral.com\/vi\/wp-json\/wp\/v2\/pages\/121\/revisions\/123"}],"wp:attachment":[{"href":"https:\/\/lobviral.com\/vi\/wp-json\/wp\/v2\/media?parent=121"}],"curies":[{"name":"wp","href":"https:\/\/api.w.org\/{rel}","templated":true}]}}