{"id":122,"date":"2026-01-22T03:05:58","date_gmt":"2026-01-22T03:05:58","guid":{"rendered":"https:\/\/lobviral.com\/?page_id=122"},"modified":"2026-01-22T03:05:59","modified_gmt":"2026-01-22T03:05:59","slug":"lien-he","status":"publish","type":"page","link":"https:\/\/lobviral.com\/vi\/lien-he\/","title":{"rendered":"Li\u00ean h\u1ec7"},"content":{"rendered":"<p>Ch\u00e0o m\u1eebng! \u0110\u00e2y l\u00e0 trang li\u00ean h\u1ec7 ch\u00ednh th\u1ee9c c\u1ee7a ch\u00fang t\u00f4i.\u00a0<strong><strong>Virus Lob<\/strong><\/strong>. T\u1ea1i \u0111\u00e2y, b\u1ea1n c\u00f3 th\u1ec3 li\u00ean h\u1ec7 v\u1edbi ch\u00fang t\u00f4i \u0111\u1ec3 \u0111\u1eb7t c\u00e2u h\u1ecfi, g\u1eedi \u0111\u1ec1 xu\u1ea5t, khi\u1ebfu n\u1ea1i ho\u1eb7c gi\u1ea3i quy\u1ebft b\u1ea5t k\u1ef3 v\u1ea5n \u0111\u1ec1 n\u00e0o kh\u00e1c li\u00ean quan \u0111\u1ebfn trang web v\u00e0 n\u1ed9i dung ch\u00fang t\u00f4i \u0111\u0103ng t\u1ea3i.<\/p>\n\n\n\n<p>M\u1ee5c ti\u00eau c\u1ee7a ch\u00fang t\u00f4i l\u00e0 mang \u0111\u1ebfn tr\u1ea3i nghi\u1ec7m ng\u01b0\u1eddi d\u00f9ng t\u1ed1t nh\u1ea5t c\u00f3 th\u1ec3, v\u00ec v\u1eady ch\u00fang t\u00f4i r\u1ea5t coi tr\u1ecdng ph\u1ea3n h\u1ed3i c\u1ee7a b\u1ea1n. N\u1ebfu b\u1ea1n c\u00f3 b\u1ea5t k\u1ef3 c\u00e2u h\u1ecfi n\u00e0o v\u1ec1 c\u00e1ch th\u1ee9c ho\u1ea1t \u0111\u1ed9ng c\u1ee7a trang web, c\u00e1ch s\u1eed d\u1ee5ng c\u00e1c \u1ee9ng d\u1ee5ng \u0111\u01b0\u1ee3c \u0111\u1ec1 xu\u1ea5t ho\u1eb7c v\u1ec1 n\u1ed9i dung c\u1ee7a ch\u00fang t\u00f4i, vui l\u00f2ng li\u00ean h\u1ec7 v\u1edbi ch\u00fang t\u00f4i.<\/p>\n\n\n\n<p>Ch\u00fang t\u00f4i lu\u00f4n s\u1eb5n s\u00e0ng ti\u1ebfp nh\u1eadn nh\u1eefng g\u00f3p \u00fd c\u1ea3i ti\u1ebfn v\u00e0 nh\u1eefng l\u1eddi ph\u00ea b\u00ecnh mang t\u00ednh x\u00e2y d\u1ef1ng. \u00dd ki\u1ebfn c\u1ee7a b\u1ea1n r\u1ea5t quan tr\u1ecdng \u0111\u1ed1i v\u1edbi s\u1ef1 ph\u00e1t tri\u1ec3n c\u1ee7a ch\u00fang t\u00f4i, gi\u00fap kh\u1eafc ph\u1ee5c m\u1ecdi v\u1ea5n \u0111\u1ec1 v\u00e0 cung c\u1ea5p th\u00f4ng tin ng\u00e0y c\u00e0ng h\u1eefu \u00edch v\u00e0 \u0111\u00e1ng tin c\u1eady.<\/p>\n\n\n\n<p>\u0110\u1ec3 li\u00ean h\u1ec7, ch\u1ec9 c\u1ea7n \u0111i\u1ec1n th\u00f4ng tin c\u00e1 nh\u00e2n v\u00e0 l\u1eddi nh\u1eafn c\u1ee7a b\u1ea1n v\u00e0o bi\u1ec3u m\u1eabu c\u00f3 s\u1eb5n tr\u00ean trang n\u00e0y. Nh\u00f3m c\u1ee7a ch\u00fang t\u00f4i s\u1ebd c\u1ed1 g\u1eafng ph\u1ea3n h\u1ed3i nhanh nh\u1ea5t c\u00f3 th\u1ec3.<\/p>\n\n\n\n<p>C\u1ea3m \u01a1n b\u1ea1n \u0111\u00e3 gh\u00e9 th\u0103m.\u00a0<strong><strong><strong>Virus Lob<\/strong><\/strong><\/strong>\u00a0Ch\u00fang t\u00f4i r\u1ea5t vui khi nh\u1eadn \u0111\u01b0\u1ee3c tin nh\u1eafn c\u1ee7a b\u1ea1n.<\/p>\n\n\n\n<p><strong>Email li\u00ean h\u1ec7:<\/strong><br>\ud83d\udce7 contact@lobviral.com.br<\/p>","protected":false},"excerpt":{"rendered":"<p>Bem-vindo! Esta \u00e9 a p\u00e1gina oficial de contato do\u00a0Lob Viral. Aqui voc\u00ea pode entrar em contato conosco para tirar d\u00favidas, enviar sugest\u00f5es, fazer reclama\u00e7\u00f5es ou tratar de qualquer outro assunto relacionado ao nosso site e aos conte\u00fados que publicamos. Nosso objetivo \u00e9 oferecer a melhor experi\u00eancia poss\u00edvel aos usu\u00e1rios, por isso valorizamos muito o seu [&hellip;]<\/p>","protected":false},"author":1,"featured_media":0,"parent":0,"menu_order":0,"comment_status":"closed","ping_status":"closed","template":"","meta":{"footnotes":""},"class_list":["post-122","page","type-page","status-publish"],"_links":{"self":[{"href":"https:\/\/lobviral.com\/vi\/wp-json\/wp\/v2\/pages\/122","targetHints":{"allow":["GET"]}}],"collection":[{"href":"https:\/\/lobviral.com\/vi\/wp-json\/wp\/v2\/pages"}],"about":[{"href":"https:\/\/lobviral.com\/vi\/wp-json\/wp\/v2\/types\/page"}],"author":[{"embeddable":true,"href":"https:\/\/lobviral.com\/vi\/wp-json\/wp\/v2\/users\/1"}],"replies":[{"embeddable":true,"href":"https:\/\/lobviral.com\/vi\/wp-json\/wp\/v2\/comments?post=122"}],"version-history":[{"count":1,"href":"https:\/\/lobviral.com\/vi\/wp-json\/wp\/v2\/pages\/122\/revisions"}],"predecessor-version":[{"id":124,"href":"https:\/\/lobviral.com\/vi\/wp-json\/wp\/v2\/pages\/122\/revisions\/124"}],"wp:attachment":[{"href":"https:\/\/lobviral.com\/vi\/wp-json\/wp\/v2\/media?parent=122"}],"curies":[{"name":"wp","href":"https:\/\/api.w.org\/{rel}","templated":true}]}}