{"id":114,"date":"2026-01-22T02:57:30","date_gmt":"2026-01-22T02:57:30","guid":{"rendered":"https:\/\/lobviral.com\/?page_id=114"},"modified":"2026-01-22T03:32:43","modified_gmt":"2026-01-22T03:32:43","slug":"%e9%9a%b1%e7%a7%81%e6%ac%8a%e6%94%bf%e7%ad%96","status":"publish","type":"page","link":"https:\/\/lobviral.com\/zh\/%e9%9a%b1%e7%a7%81%e6%ac%8a%e6%94%bf%e7%ad%96\/","title":{"rendered":"\u96b1\u79c1\u6b0a\u653f\u7b56"},"content":{"rendered":"<p>\u60a8\u7684\u96b1\u79c1\u5c0d\u6211\u5011\u81f3\u95dc\u91cd\u8981\u3002 Lob Viral \u7684\u653f\u7b56\u662f\u5c0a\u91cd\u60a8\u7684\u96b1\u79c1\uff0c\u4fdd\u8b77\u6211\u5011\u53ef\u80fd\u900f\u904e\u672c\u7db2\u7ad9\u6536\u96c6\u7684\u4efb\u4f55\u8cc7\u8a0a\u3002 <a href=\"http:\/\/lobviral.com\/zh\/\">\u75c5\u6bd2\u80ba<\/a>, \u4ee5\u53ca\u6211\u5011\u64c1\u6709\u548c\u7d93\u71df\u7684\u5176\u4ed6\u7db2\u7ad9\u3002.<\/span><\/p>\n<p><span style=\"color: rgb(68, 68, 68);\">\u6211\u5011\u50c5\u5728\u771f\u6b63\u9700\u8981\u6642\u624d\u6703\u5411\u60a8\u7d22\u53d6\u500b\u4eba\u8cc7\u8a0a\uff0c\u4ee5\u4fbf\u70ba\u60a8\u63d0\u4f9b\u670d\u52d9\u3002\u6211\u5011\u6703\u5728\u5fb5\u5f97\u60a8\u7684\u77e5\u60c5\u540c\u610f\u5f8c\uff0c\u4ee5\u516c\u5e73\u5408\u6cd5\u7684\u65b9\u5f0f\u6536\u96c6\u60a8\u7684\u500b\u4eba\u8cc7\u6599\u3002\u6211\u5011\u4e5f\u6703\u544a\u77e5\u60a8\u6536\u96c6\u8cc7\u8a0a\u7684\u539f\u56e0\u4ee5\u53ca\u8cc7\u8a0a\u7684\u4f7f\u7528\u65b9\u5f0f\u3002.<\/span><\/p>\n<p><span style=\"color: rgb(68, 68, 68);\">\u6211\u5011\u50c5\u5728\u63d0\u4f9b\u6240\u8acb\u6c42\u670d\u52d9\u6240\u9700\u7684\u671f\u9650\u5167\u4fdd\u7559\u6536\u96c6\u5230\u7684\u8cc7\u8a0a\u3002\u5132\u5b58\u8cc7\u6599\u6642\uff0c\u6211\u5011\u6703\u63a1\u53d6\u5546\u696d\u4e0a\u5408\u7406\u7684\u63aa\u65bd\u4fdd\u8b77\u6578\u64da\uff0c\u9632\u6b62\u8cc7\u6599\u907a\u5931\u3001\u88ab\u76dc\u4ee5\u53ca\u672a\u7d93\u6388\u6b0a\u7684\u5b58\u53d6\u3001\u63ed\u9732\u3001\u8907\u88fd\u3001\u4f7f\u7528\u6216\u4fee\u6539\u3002.<\/span><\/p>\n<p><span style=\"color: rgb(68, 68, 68);\">\u9664\u6cd5\u5f8b\u8981\u6c42\u5916\uff0c\u6211\u5011\u4e0d\u6703\u516c\u958b\u6216\u8207\u7b2c\u4e09\u65b9\u5206\u4eab\u500b\u4eba\u8b58\u5225\u8cc7\u8a0a\u3002.<\/span><\/p>\n<p><span style=\"color: rgb(68, 68, 68);\">\u6211\u5011\u7684\u7db2\u7ad9\u53ef\u80fd\u5305\u542b\u975e\u6211\u5011\u7d93\u71df\u7684\u5916\u90e8\u7db2\u7ad9\u7684\u9023\u7d50\u3002\u8acb\u6ce8\u610f\uff0c\u6211\u5011\u7121\u6cd5\u63a7\u5236\u9019\u4e9b\u7db2\u7ad9\u7684\u5167\u5bb9\u548c\u505a\u6cd5\uff0c\u4e5f\u4e0d\u5c0d\u5176\u5404\u81ea\u7684\u653f\u7b56\u627f\u64d4\u4efb\u4f55\u8cac\u4efb\u3002&nbsp;<\/span><a href=\"https:\/\/politicaprivacidade.com\/\" rel=\"noopener noreferrer\" target=\"_blank\" style=\"background-color: transparent; color: rgb(68, 68, 68);\">\u96b1\u79c1\u6b0a\u653f\u7b56<\/a><span style=\"color: rgb(68, 68, 68);\">.<\/span><\/p>\n<p><span style=\"color: rgb(68, 68, 68);\">\u60a8\u53ef\u4ee5\u62d2\u7d55\u6211\u5011\u7d22\u53d6\u500b\u4eba\u8cc7\u8a0a\u7684\u8981\u6c42\uff0c\u4f46\u8acb\u60a8\u7406\u89e3\uff0c\u9019\u53ef\u80fd\u6703\u5c0e\u81f4\u6211\u5011\u7121\u6cd5\u63d0\u4f9b\u60a8\u60f3\u8981\u7684\u4e00\u4e9b\u670d\u52d9\u3002.<\/span><\/p>\n<p><span style=\"color: rgb(68, 68, 68);\">\u7e7c\u7e8c\u4f7f\u7528\u672c\u7db2\u7ad9\u5373\u8868\u793a\u60a8\u63a5\u53d7\u6211\u5011\u95dc\u65bc\u96b1\u79c1\u548c\u500b\u4eba\u8cc7\u8a0a\u7684\u505a\u6cd5\u3002\u5982\u679c\u60a8\u5c0d\u6211\u5011\u5982\u4f55\u8655\u7406\u7528\u6236\u8cc7\u6599\u548c\u500b\u4eba\u8cc7\u8a0a\u6709\u4efb\u4f55\u7591\u554f\uff0c\u8acb\u8207\u6211\u5011\u806f\u7d61\u3002.<\/span><\/p>\n<p><span style=\"color: rgb(68, 68, 68);\"><\/p>\n<ul>\n<li><span style=\"color: rgb(68, 68, 68);\">\u6211\u5011\u7528\u65bc\u6295\u653e\u5ee3\u544a\u7684 Google AdSense \u670d\u52d9\u4f7f\u7528 DoubleClick cookie \u5728\u7db2\u8def\u4e0a\u6295\u653e\u66f4\u76f8\u95dc\u7684\u5ee3\u544a\uff0c\u4e26\u9650\u5236\u7279\u5b9a\u5ee3\u544a\u5411\u60a8\u986f\u793a\u7684\u6b21\u6578\u3002.<\/span><\/li>\n<li><span style=\"color: rgb(68, 68, 68);\">\u6709\u95dc Google AdSense \u7684\u66f4\u591a\u4fe1\u606f\uff0c\u8acb\u53c3\u95b1 Google AdSense \u5b98\u65b9\u96b1\u79c1\u6b0a\u5e38\u898b\u554f\u984c\u89e3\u7b54\u3002.<\/span><\/li>\n<li><span style=\"color: rgb(68, 68, 68);\">\u6211\u5011\u4f7f\u7528\u5ee3\u544a\u4f86\u62b5\u6d88\u7db2\u7ad9\u71df\u904b\u6210\u672c\uff0c\u4e26\u70ba\u672a\u4f86\u7684\u767c\u5c55\u63d0\u4f9b\u8cc7\u91d1\u3002\u672c\u7db2\u7ad9\u4f7f\u7528\u7684\u884c\u70ba\u5ee3\u544a Cookie \u65e8\u5728\u900f\u904e\u533f\u540d\u8ffd\u8e64\u60a8\u7684\u8208\u8da3\u4e26\u5411\u60a8\u5c55\u793a\u60a8\u53ef\u80fd\u611f\u8208\u8da3\u7684\u985e\u4f3c\u5167\u5bb9\uff0c\u5f9e\u800c\u76e1\u53ef\u80fd\u70ba\u60a8\u63d0\u4f9b\u6700\u76f8\u95dc\u7684\u5ee3\u544a\u3002.<\/span><\/li>\n<li><span style=\"color: rgb(68, 68, 68);\">\u4e00\u4e9b\u5408\u4f5c\u5925\u4f34\u6703\u4ee3\u8868\u6211\u5011\u6295\u653e\u5ee3\u544a\uff0c\u806f\u76df\u8ffd\u8e64 cookie \u53ef\u4ee5\u8b93\u6211\u5011\u770b\u5230\u6211\u5011\u7684\u5ba2\u6236\u662f\u5426\u900f\u904e\u6211\u5011\u7684\u5408\u4f5c\u5925\u4f34\u7db2\u7ad9\u8a2a\u554f\u4e86\u672c\u7db2\u7ad9\uff0c\u4ee5\u4fbf\u6211\u5011\u80fd\u5920\u7d66\u4e88\u5408\u4f5c\u5925\u4f34\u9069\u7576\u7684\u4f63\u91d1\uff0c\u4e26\u5728\u9069\u7528\u7684\u60c5\u6cc1\u4e0b\uff0c\u5141\u8a31\u6211\u5011\u7684\u806f\u76df\u5408\u4f5c\u5925\u4f34\u63d0\u4f9b\u4ed6\u5011\u53ef\u80fd\u63d0\u4f9b\u7684\u4efb\u4f55\u4fc3\u92b7\u6d3b\u52d5\uff0c\u4ee5\u9f13\u52f5\u60a8\u9032\u884c\u8cfc\u8cb7\u3002.<\/span><\/li>\n<\/ul>\n<p><\/p>\n<p><\/span><\/p>\n<h3><span style=\"color: rgb(68, 68, 68);\">\u7528\u6236\u627f\u8afe<\/span><\/h3>\n<p><span style=\"color: rgb(68, 68, 68);\">\u4f7f\u7528\u8005\u540c\u610f\u5408\u7406\u4f7f\u7528 Lob Viral \u5728\u7db2\u7ad9\u4e0a\u63d0\u4f9b\u7684\u5167\u5bb9\u548c\u8a0a\u606f\uff0c\u5305\u62ec\u4f46\u4e0d\u9650\u65bc\uff1a<\/span><\/p>\n<ul>\n<li><span style=\"color: rgb(68, 68, 68);\">A) \u4e0d\u5f97\u5f9e\u4e8b\u975e\u6cd5\u6d3b\u52d5\u6216\u9055\u53cd\u8aa0\u4fe1\u548c\u516c\u5171\u79e9\u5e8f\u7684\u6d3b\u52d5\uff1b;<\/span><\/li>\n<li><span style=\"color: rgb(68, 68, 68);\">B) \u4e0d\u5f97\u50b3\u64ad\u7a2e\u65cf\u4e3b\u7fa9\u3001\u4ec7\u5916\u6027\u8cea\u7684\u5ba3\u50b3\u6216\u5167\u5bb9\uff0c\u4e0d\u5f97\u50b3\u64ad\u8207\u8ced\u535a\u6216\u6a5f\u6703\u904a\u6232\u6709\u95dc\u7684\u5ba3\u50b3\u6216\u5167\u5bb9\uff0c\u4e0d\u5f97\u50b3\u64ad\u4efb\u4f55\u985e\u578b\u7684\u975e\u6cd5\u8272\u60c5\u5167\u5bb9\uff0c\u4e0d\u5f97\u50b3\u64ad\u5ba3\u63da\u6050\u6016\u4e3b\u7fa9\u6216\u4fb5\u72af\u4eba\u6b0a\u7684\u5167\u5bb9\uff1b;<\/span><\/li>\n<li><span style=\"color: rgb(68, 68, 68);\">C) \u4e0d\u5f97\u5c0d Lob Viral\u3001\u5176\u4f9b\u61c9\u5546\u6216\u7b2c\u4e09\u65b9\u7684\u5be6\u9ad4\uff08\u786c\u9ad4\uff09\u548c\u908f\u8f2f\uff08\u8edf\u9ad4\uff09\u7cfb\u7d71\u9020\u6210\u640d\u5bb3\uff0c\u4ee5\u5f15\u5165\u6216\u50b3\u64ad\u96fb\u8166\u75c5\u6bd2\u6216\u4efb\u4f55\u5176\u4ed6\u80fd\u5920\u9020\u6210\u4e0a\u8ff0\u640d\u5bb3\u7684\u786c\u9ad4\u6216\u8edf\u9ad4\u7cfb\u7d71\u3002.<\/span><\/li>\n<\/ul>\n<h3><span style=\"color: rgb(68, 68, 68);\">\u66f4\u591a\u8cc7\u8a0a<\/span><\/h3>\n<p><span style=\"color: rgb(68, 68, 68);\">\u6211\u5011\u5e0c\u671b\u9019\u4e00\u9ede\u5f88\u6e05\u695a\uff0c\u800c\u4e14\u5982\u524d\u6240\u8ff0\uff0c\u5982\u679c\u60a8\u4e0d\u78ba\u5b9a\u662f\u5426\u9700\u8981\u555f\u7528 cookie\uff0c\u70ba\u4e86\u5b89\u5168\u8d77\u898b\uff0c\u70ba\u4e86\u65b9\u4fbf\u60a8\u8207\u6211\u5011\u7db2\u7ad9\u4e0a\u4f7f\u7528\u7684\u529f\u80fd\u9032\u884c\u4e92\u52d5\uff0c\u901a\u5e38\u6700\u597d\u4fdd\u6301 cookie \u555f\u7528\u72c0\u614b\u3002.<\/span><\/p>\n<p>&lt;span style=&quot;color: rgb(68, 68, 68);&quot;\n<\/p>","protected":false},"excerpt":{"rendered":"<p>A sua privacidade \u00e9 importante para n\u00f3s. \u00c9 pol\u00edtica do Lob Viral respeitar a sua privacidade em rela\u00e7\u00e3o a qualquer informa\u00e7\u00e3o sua que possamos coletar no site Lob Viral, e outros sites que possu\u00edmos e operamos. Solicitamos informa\u00e7\u00f5es pessoais apenas quando realmente precisamos delas para lhe fornecer um servi\u00e7o. Fazemo-lo por meios justos e legais, [&hellip;]<\/p>","protected":false},"author":1,"featured_media":0,"parent":0,"menu_order":0,"comment_status":"closed","ping_status":"closed","template":"","meta":{"footnotes":""},"class_list":["post-114","page","type-page","status-publish"],"_links":{"self":[{"href":"https:\/\/lobviral.com\/zh\/wp-json\/wp\/v2\/pages\/114","targetHints":{"allow":["GET"]}}],"collection":[{"href":"https:\/\/lobviral.com\/zh\/wp-json\/wp\/v2\/pages"}],"about":[{"href":"https:\/\/lobviral.com\/zh\/wp-json\/wp\/v2\/types\/page"}],"author":[{"embeddable":true,"href":"https:\/\/lobviral.com\/zh\/wp-json\/wp\/v2\/users\/1"}],"replies":[{"embeddable":true,"href":"https:\/\/lobviral.com\/zh\/wp-json\/wp\/v2\/comments?post=114"}],"version-history":[{"count":5,"href":"https:\/\/lobviral.com\/zh\/wp-json\/wp\/v2\/pages\/114\/revisions"}],"predecessor-version":[{"id":129,"href":"https:\/\/lobviral.com\/zh\/wp-json\/wp\/v2\/pages\/114\/revisions\/129"}],"wp:attachment":[{"href":"https:\/\/lobviral.com\/zh\/wp-json\/wp\/v2\/media?parent=114"}],"curies":[{"name":"wp","href":"https:\/\/api.w.org\/{rel}","templated":true}]}}