{"id":122,"date":"2026-01-22T03:05:58","date_gmt":"2026-01-22T03:05:58","guid":{"rendered":"https:\/\/lobviral.com\/?page_id=122"},"modified":"2026-01-22T03:05:59","modified_gmt":"2026-01-22T03:05:59","slug":"%e6%8e%a5%e8%a7%b8","status":"publish","type":"page","link":"https:\/\/lobviral.com\/zh\/%e6%8e%a5%e8%a7%b8\/","title":{"rendered":"\u63a5\u89f8"},"content":{"rendered":"<p>\u6b61\u8fce\uff01\u9019\u662f\u5b98\u65b9\u806f\u7d61\u9801\u9762\u3002\u00a0<strong><strong>\u75c5\u6bd2\u80ba<\/strong><\/strong>. \u60a8\u53ef\u4ee5\u5728\u9019\u88e1\u806f\u7d61\u6211\u5011\uff0c\u63d0\u51fa\u554f\u984c\u3001\u767c\u9001\u5efa\u8b70\u3001\u63d0\u51fa\u6295\u8a34\uff0c\u6216\u8655\u7406\u8207\u6211\u5011\u7684\u7db2\u7ad9\u548c\u6211\u5011\u767c\u5e03\u7684\u5167\u5bb9\u76f8\u95dc\u7684\u4efb\u4f55\u5176\u4ed6\u554f\u984c\u3002.<\/p>\n\n\n\n<p>\u6211\u5011\u7684\u76ee\u6a19\u662f\u63d0\u4f9b\u6700\u4f73\u4f7f\u7528\u8005\u9ad4\u9a57\uff0c\u56e0\u6b64\u6211\u5011\u975e\u5e38\u91cd\u8996\u60a8\u7684\u56de\u994b\u3002\u5982\u679c\u60a8\u5c0d\u7db2\u7ad9\u7684\u904b\u4f5c\u65b9\u5f0f\u3001\u63a8\u85a6\u61c9\u7528\u7a0b\u5f0f\u7684\u4f7f\u7528\u65b9\u6cd5\u6216\u6211\u5011\u7684\u5167\u5bb9\u6709\u4efb\u4f55\u7591\u554f\uff0c\u8acb\u96a8\u6642\u8207\u6211\u5011\u806f\u7d61\u3002.<\/p>\n\n\n\n<p>\u6211\u5011\u4e5f\u59cb\u7d42\u6a02\u65bc\u63a5\u53d7\u6539\u5584\u5efa\u8b70\u548c\u5efa\u8a2d\u6027\u6279\u8a55\u3002\u60a8\u7684\u610f\u898b\u5c0d\u6211\u5011\u81f3\u95dc\u91cd\u8981\uff0c\u5b83\u80fd\u5e6b\u52a9\u6211\u5011\u4e0d\u65b7\u9032\u6b65\uff0c\u7cfe\u6b63\u554f\u984c\uff0c\u4e26\u63d0\u4f9b\u8d8a\u4f86\u8d8a\u6709\u7528\u3001\u8d8a\u4f86\u8d8a\u53ef\u9760\u7684\u8cc7\u8a0a\u3002.<\/p>\n\n\n\n<p>\u5982\u9700\u806f\u7d61\u6211\u5011\uff0c\u8acb\u586b\u5beb\u6b64\u9801\u9762\u4e0a\u7684\u8868\u683c\uff0c\u63d0\u4f9b\u60a8\u7684\u8a73\u7d30\u8cc7\u8a0a\u548c\u7559\u8a00\u3002\u6211\u5011\u7684\u5718\u968a\u5c07\u76e1\u5feb\u56de\u8986\u3002.<\/p>\n\n\n\n<p>\u611f\u8b1d\u60a8\u7684\u5149\u81e8\u00a0<strong><strong><strong>\u75c5\u6bd2\u80ba<\/strong><\/strong><\/strong>\u00a0\u6211\u5011\u5f88\u6a02\u610f\u6536\u5230\u60a8\u7684\u7559\u8a00\u3002.<\/p>\n\n\n\n<p><strong>\u806f\u7d61\u4fe1\u7bb1\uff1a<\/strong><br>\ud83d\udce7 contact@lobviral.com.br<\/p>","protected":false},"excerpt":{"rendered":"<p>Bem-vindo! Esta \u00e9 a p\u00e1gina oficial de contato do\u00a0Lob Viral. Aqui voc\u00ea pode entrar em contato conosco para tirar d\u00favidas, enviar sugest\u00f5es, fazer reclama\u00e7\u00f5es ou tratar de qualquer outro assunto relacionado ao nosso site e aos conte\u00fados que publicamos. Nosso objetivo \u00e9 oferecer a melhor experi\u00eancia poss\u00edvel aos usu\u00e1rios, por isso valorizamos muito o seu [&hellip;]<\/p>","protected":false},"author":1,"featured_media":0,"parent":0,"menu_order":0,"comment_status":"closed","ping_status":"closed","template":"","meta":{"footnotes":""},"class_list":["post-122","page","type-page","status-publish"],"_links":{"self":[{"href":"https:\/\/lobviral.com\/zh\/wp-json\/wp\/v2\/pages\/122","targetHints":{"allow":["GET"]}}],"collection":[{"href":"https:\/\/lobviral.com\/zh\/wp-json\/wp\/v2\/pages"}],"about":[{"href":"https:\/\/lobviral.com\/zh\/wp-json\/wp\/v2\/types\/page"}],"author":[{"embeddable":true,"href":"https:\/\/lobviral.com\/zh\/wp-json\/wp\/v2\/users\/1"}],"replies":[{"embeddable":true,"href":"https:\/\/lobviral.com\/zh\/wp-json\/wp\/v2\/comments?post=122"}],"version-history":[{"count":1,"href":"https:\/\/lobviral.com\/zh\/wp-json\/wp\/v2\/pages\/122\/revisions"}],"predecessor-version":[{"id":124,"href":"https:\/\/lobviral.com\/zh\/wp-json\/wp\/v2\/pages\/122\/revisions\/124"}],"wp:attachment":[{"href":"https:\/\/lobviral.com\/zh\/wp-json\/wp\/v2\/media?parent=122"}],"curies":[{"name":"wp","href":"https:\/\/api.w.org\/{rel}","templated":true}]}}